{"id":831,"date":"2018-08-27T11:30:55","date_gmt":"2018-08-27T09:30:55","guid":{"rendered":"http:\/\/www.tsrb.hr\/cisco\/?page_id=831"},"modified":"2023-11-05T13:44:02","modified_gmt":"2023-11-05T12:44:02","slug":"upisi-u-ccna-security","status":"publish","type":"page","link":"https:\/\/www.tsrb.hr\/cisco\/upisi-u-ccna-security\/","title":{"rendered":"Upisi u Network Security te\u010daj"},"content":{"rendered":"<p>Trenutno nisu otvorene prijave za <strong>Network Security <\/strong>te\u010daj.<\/p>\n<hr \/>\n<p>Informacije o te\u010daju<\/p>\n<ul>\n<li>trajanje: 70 sati<\/li>\n<li>lokacija: Getaldi\u0107eva 4, Zagreb<\/li>\n<li>besplatan parking<\/li>\n<\/ul>\n<hr \/>\n<p>Cijene<\/p>\n<ul>\n<li><strong>Tvrtka:<\/strong> 675 EUR (jednokratno)<\/li>\n<li><strong>Osobno:<\/strong>\u00a0 540 EUR (jednokratno) | 580 EUR (2 rate)<\/li>\n<li><strong>Studenti\/u\u010denici\/nezaposleni:<\/strong> 480 EUR (jednokratno) | 530 EUR (2 rate)<\/li>\n<li><strong>U\u010denici T\u0160RB:<\/strong> 420 EUR (jednokratno) | 470 EUR (2 rate)<br \/>\n<hr \/>\n<\/li>\n<\/ul>\n<h3><\/h3>\n","protected":false},"excerpt":{"rendered":"<p>Trenutno nisu otvorene prijave za Network Security te\u010daj. Informacije o te\u010daju trajanje: 70 sati lokacija: Getaldi\u0107eva 4, Zagreb besplatan parking Cijene Tvrtka: 675 EUR (jednokratno) Osobno:\u00a0 540 EUR (jednokratno) | 580 EUR (2 rate) Studenti\/u\u010denici\/nezaposleni: 480 EUR (jednokratno) | 530 EUR (2 rate) U\u010denici T\u0160RB: 420 EUR (jednokratno) | 470 EUR (2 rate)<\/p>\n","protected":false},"author":2,"featured_media":0,"parent":0,"menu_order":0,"comment_status":"closed","ping_status":"closed","template":"","meta":{"_exactmetrics_skip_tracking":false,"_exactmetrics_sitenote_active":false,"_exactmetrics_sitenote_note":"","_exactmetrics_sitenote_category":0,"footnotes":""},"class_list":["post-831","page","type-page","status-publish","czr-hentry"],"_links":{"self":[{"href":"https:\/\/www.tsrb.hr\/cisco\/wp-json\/wp\/v2\/pages\/831","targetHints":{"allow":["GET"]}}],"collection":[{"href":"https:\/\/www.tsrb.hr\/cisco\/wp-json\/wp\/v2\/pages"}],"about":[{"href":"https:\/\/www.tsrb.hr\/cisco\/wp-json\/wp\/v2\/types\/page"}],"author":[{"embeddable":true,"href":"https:\/\/www.tsrb.hr\/cisco\/wp-json\/wp\/v2\/users\/2"}],"replies":[{"embeddable":true,"href":"https:\/\/www.tsrb.hr\/cisco\/wp-json\/wp\/v2\/comments?post=831"}],"version-history":[{"count":21,"href":"https:\/\/www.tsrb.hr\/cisco\/wp-json\/wp\/v2\/pages\/831\/revisions"}],"predecessor-version":[{"id":1245,"href":"https:\/\/www.tsrb.hr\/cisco\/wp-json\/wp\/v2\/pages\/831\/revisions\/1245"}],"wp:attachment":[{"href":"https:\/\/www.tsrb.hr\/cisco\/wp-json\/wp\/v2\/media?parent=831"}],"curies":[{"name":"wp","href":"https:\/\/api.w.org\/{rel}","templated":true}]}}