{"id":434,"date":"2016-08-16T14:36:30","date_gmt":"2016-08-16T12:36:30","guid":{"rendered":"http:\/\/www.tsrb.hr\/cisco\/?page_id=434"},"modified":"2023-11-05T14:10:19","modified_gmt":"2023-11-05T13:10:19","slug":"o-nama","status":"publish","type":"page","link":"https:\/\/www.tsrb.hr\/cisco\/o-nama\/","title":{"rendered":"O nama"},"content":{"rendered":"<p><strong>Cisco akademija mre\u017enih tehnologija (Cisco Networking Academy)\u00a0<\/strong> u Tehni\u010dkoj \u0161koli Ru\u0111era Bo\u0161kovi\u0107a po\u010dela je sa radom\u00a02002. godine, kao prva srednja \u0161kola i me\u0111u prvim akademijama u Hrvatskoj.<\/p>\n<p>Te\u017ei\u0161te u radu nam je\u00a0kvaliteta izvedba nastave uz puno prakti\u010dnog rada na mre\u017enoj opremi. Od po\u010detka do danas kontinuirano ula\u017eemo u mre\u017enu opremu i pribor. Nastavni programi se uvijek izvode po zadnjoj ina\u010dici tako da se polaznici mogu kvalitetno pripremiti za dobivanje va\u017ee\u0107ih Cisco certifikata.<\/p>\n<p>Do sada je kroz Cisco edukaciju u na\u0161oj ustanovi pro\u0161lo nekoliko stotina polaznika me\u0111u kojima su in\u017eenjeri, tehni\u010dari, mre\u017eni administratori, studenti, ali i potpuni po\u010detnici u tom podru\u010dju. Svima zahvaljujemo na ukazanom povjerenju.<\/p>\n<p>Kao lokalna Cisco akademija ovla\u0161teni smo za izvo\u0111enje programa kojima se stje\u010du sljede\u0107i Cisco akademski certifikati:<\/p>\n<p><strong>1.\u00a0\u00a0 \u00a0Cisco Certified Network Associate (CCNA)<br \/>\n2.\u00a0\u00a0 Network Security<\/strong><\/p>\n<hr \/>\n<h2 class=\"entry-title \"><a title=\"Permalink to Upis zvanja u e-radnu knji\u017eicu\" href=\"https:\/\/www.tsrb.hr\/cisco\/upis-zvanja\/\" rel=\"bookmark\">Upis zvanja u e-radnu knji\u017eicu<\/a><\/h2>\n<section>Tehni\u010dka \u0161kola Ru\u0111era Bo\u0161kovi\u0107a verificirala je program CCNA pri Ministarstvu znanosti, obrazovanja i sporta. Ispunjavanjem uvjeta propisanih programom, polazniku se izdaje javna isprava\u00a0Uvjerenje o usavr\u0161avanju:\u00a0Specijalist za ra\u010dunalne mre\u017ee-CCNA\u00a0ili\u00a0Uvjerenje o osposobljavanju:\u00a0Operater [\u2026]<\/section>\n<header class=\"entry-header\">\n<hr \/>\n<h2 class=\"entry-title \"><a title=\"Permalink to Kako do nas?\" href=\"https:\/\/www.tsrb.hr\/cisco\/lokacija\/\" rel=\"bookmark\">Kako do nas?<\/a><\/h2>\n<section>Cisco Networking Academy \u2013\u00a0Tehni\u010dka \u0161kola Ru\u0111era Bo\u0161kovi\u0107a Smje\u0161teni smo u Getaldi\u0107evoj ulici br. 4. U istoj ulici nalazi se Grafi\u010dki fakultet, a u neposrednoj blizini je\u00a0Sveu\u010dili\u0161ni kampus Borongaj. \u0160kola ima [\u2026]<\/section>\n<hr \/>\n<h2 class=\"entry-title \"><a title=\"Permalink to Laboratorij i oprema\" href=\"https:\/\/www.tsrb.hr\/cisco\/laboratorij-i-oprema\/\" rel=\"bookmark\">Laboratorij i oprema<\/a><\/h2>\n<section>Te\u017ei\u0161te rada u Cisco Networking Academy programima je prakti\u010dan rad na mre\u017enoj opremi. Kroz vje\u017ebe propisane Cisco Networking Academy programom polaznici samostalno pode\u0161avaju mre\u017ene ure\u0111aje\u00a0kao \u0161to su usmjeriva\u010d (router) ili [\u2026]<\/section>\n<\/header>\n","protected":false},"excerpt":{"rendered":"<p>Cisco akademija mre\u017enih tehnologija (Cisco Networking Academy)\u00a0 u Tehni\u010dkoj \u0161koli Ru\u0111era Bo\u0161kovi\u0107a po\u010dela je sa radom\u00a02002. godine, kao prva srednja \u0161kola i me\u0111u prvim akademijama u Hrvatskoj. Te\u017ei\u0161te u radu nam je\u00a0kvaliteta izvedba nastave uz puno prakti\u010dnog rada na mre\u017enoj opremi. Od po\u010detka do danas kontinuirano ula\u017eemo u mre\u017enu opremu i pribor. Nastavni programi se [&hellip;]<\/p>\n","protected":false},"author":2,"featured_media":0,"parent":0,"menu_order":0,"comment_status":"closed","ping_status":"closed","template":"","meta":{"_exactmetrics_skip_tracking":false,"_exactmetrics_sitenote_active":false,"_exactmetrics_sitenote_note":"","_exactmetrics_sitenote_category":0,"footnotes":""},"class_list":["post-434","page","type-page","status-publish","czr-hentry"],"_links":{"self":[{"href":"https:\/\/www.tsrb.hr\/cisco\/wp-json\/wp\/v2\/pages\/434","targetHints":{"allow":["GET"]}}],"collection":[{"href":"https:\/\/www.tsrb.hr\/cisco\/wp-json\/wp\/v2\/pages"}],"about":[{"href":"https:\/\/www.tsrb.hr\/cisco\/wp-json\/wp\/v2\/types\/page"}],"author":[{"embeddable":true,"href":"https:\/\/www.tsrb.hr\/cisco\/wp-json\/wp\/v2\/users\/2"}],"replies":[{"embeddable":true,"href":"https:\/\/www.tsrb.hr\/cisco\/wp-json\/wp\/v2\/comments?post=434"}],"version-history":[{"count":13,"href":"https:\/\/www.tsrb.hr\/cisco\/wp-json\/wp\/v2\/pages\/434\/revisions"}],"predecessor-version":[{"id":1252,"href":"https:\/\/www.tsrb.hr\/cisco\/wp-json\/wp\/v2\/pages\/434\/revisions\/1252"}],"wp:attachment":[{"href":"https:\/\/www.tsrb.hr\/cisco\/wp-json\/wp\/v2\/media?parent=434"}],"curies":[{"name":"wp","href":"https:\/\/api.w.org\/{rel}","templated":true}]}}