{"id":357,"date":"2016-08-12T12:09:32","date_gmt":"2016-08-12T12:09:32","guid":{"rendered":"http:\/\/www.tsrb.hr\/cisco\/?page_id=357"},"modified":"2016-08-12T12:09:32","modified_gmt":"2016-08-12T12:09:32","slug":"cisco-certifikati","status":"publish","type":"page","link":"https:\/\/www.tsrb.hr\/cisco\/cisco-networking-academy-tecajevi\/cisco-certifikati\/","title":{"rendered":"Cisco certifikati"},"content":{"rendered":"<header><\/header>\n<div class=\"content clearfix\">\n<p>Cisco certifikati ve\u0107 su godinama me\u0111u cijenjenim i tra\u017eenim certifikatima iz podru\u010dja informacijsko-komunikacijskih tehnologija. Hijerarhijski sustav Cisco certifikata temelji se na\u00a03 osnovne razine poznavanja mre\u017enih tehnologija. Put usavr\u0161avanja vodi od potpuno po\u010detne \u00bbEntry-Level\u00ab, do vi\u0161ih \u00bbProffesional\u00ab ili \u00bbExpert\u00ab razina. Mjesto ulaska na edukacijski put ovisno je o iskustvu polaznika i naj\u010de\u0161\u0107e zapo\u010dinje na\u00a0\u00bbAssociate\u00ab razini.<\/p>\n<p>Kao lokalna Cisco akademija ovla\u0161teni smo za izvo\u0111enje programa kojima se stje\u010du sljede\u0107i Cisco akademski certifikati:<\/p>\n<p><strong>1.\u00a0\u00a0 \u00a0Cisco Certified Network Associate (CCNA) Routing and Switching<br \/>\n2.\u00a0\u00a0 \u00a0Cisco Certified Network Associate (CCNA) Security<\/strong><\/p>\n<p>Akademski certifikati na jednak na\u010din dokazuju nivo znanja i kompetencije kao i industrijski Cisco certifikati koji se pola\u017eu u ovla\u0161tenim Pearson VUE \u00a0ispitnim centrima. Veliki uspjeh polaznika Cisco akademije prilikom polaganja industrijskih certifikata potvrda je prepoznatljivosti i vrijednosti i samih akademskih certifikata.<\/p>\n<p>Karijerne mogu\u0107nosti:<\/p>\n<p><img loading=\"lazy\" decoding=\"async\" class=\"aligncenter\" src=\"https:\/\/deepakdevanand.files.wordpress.com\/2016\/03\/cisco-certification-path.jpg?w=640\" alt=\"Cisco Certification Path\" width=\"672\" height=\"489\" \/><\/p>\n<\/div>\n","protected":false},"excerpt":{"rendered":"<p>Cisco certifikati ve\u0107 su godinama me\u0111u cijenjenim i tra\u017eenim certifikatima iz podru\u010dja informacijsko-komunikacijskih tehnologija. Hijerarhijski sustav Cisco certifikata temelji se na\u00a03 osnovne razine poznavanja mre\u017enih tehnologija. Put usavr\u0161avanja vodi od potpuno po\u010detne \u00bbEntry-Level\u00ab, do vi\u0161ih \u00bbProffesional\u00ab ili \u00bbExpert\u00ab razina. Mjesto ulaska na edukacijski put ovisno je o iskustvu polaznika i naj\u010de\u0161\u0107e zapo\u010dinje na\u00a0\u00bbAssociate\u00ab razini. Kao [&hellip;]<\/p>\n","protected":false},"author":2,"featured_media":0,"parent":131,"menu_order":0,"comment_status":"closed","ping_status":"closed","template":"","meta":{"_exactmetrics_skip_tracking":false,"_exactmetrics_sitenote_active":false,"_exactmetrics_sitenote_note":"","_exactmetrics_sitenote_category":0,"footnotes":""},"class_list":["post-357","page","type-page","status-publish","czr-hentry"],"_links":{"self":[{"href":"https:\/\/www.tsrb.hr\/cisco\/wp-json\/wp\/v2\/pages\/357","targetHints":{"allow":["GET"]}}],"collection":[{"href":"https:\/\/www.tsrb.hr\/cisco\/wp-json\/wp\/v2\/pages"}],"about":[{"href":"https:\/\/www.tsrb.hr\/cisco\/wp-json\/wp\/v2\/types\/page"}],"author":[{"embeddable":true,"href":"https:\/\/www.tsrb.hr\/cisco\/wp-json\/wp\/v2\/users\/2"}],"replies":[{"embeddable":true,"href":"https:\/\/www.tsrb.hr\/cisco\/wp-json\/wp\/v2\/comments?post=357"}],"version-history":[{"count":0,"href":"https:\/\/www.tsrb.hr\/cisco\/wp-json\/wp\/v2\/pages\/357\/revisions"}],"up":[{"embeddable":true,"href":"https:\/\/www.tsrb.hr\/cisco\/wp-json\/wp\/v2\/pages\/131"}],"wp:attachment":[{"href":"https:\/\/www.tsrb.hr\/cisco\/wp-json\/wp\/v2\/media?parent=357"}],"curies":[{"name":"wp","href":"https:\/\/api.w.org\/{rel}","templated":true}]}}