{"id":347,"date":"2016-08-12T11:11:27","date_gmt":"2016-08-12T11:11:27","guid":{"rendered":"http:\/\/www.tsrb.hr\/cisco\/?page_id=347"},"modified":"2020-01-23T01:20:49","modified_gmt":"2020-01-23T00:20:49","slug":"tecajevi","status":"publish","type":"page","link":"https:\/\/www.tsrb.hr\/cisco\/cisco-networking-academy-tecajevi\/tecajevi\/","title":{"rendered":"Cisco Networking Academy te\u010dajevi"},"content":{"rendered":"<div class=\"description\">\n<p>Cisco Networking Academy te\u010dajevi omogu\u0107avaju polaznicima stjecanje znanja i vje\u0161tina koji su potrebni za projektiranje, izgradnju, pode\u0161avanje i odr\u017eavanje ra\u010dunalnih mre\u017ea. Polaznici stje\u010du izvrsno razumijevanje mre\u017enih tehnologija, bolju podlogu za nastavak \u0161kolovanja, a sa certifikatima i bolje karijerne mogu\u0107nosti. Te\u010dajevi su namijenjeni svima koje zanima ili \u017eele izgraditi karijeru u ICT podru\u010dju.<\/p>\n<p>Pristup pou\u010davanju temelji se na samostalnom usvajanju koncepata, eksperimentiranju i velikoj koli\u010dini prakti\u010dnog rada. Kvalitetno on-line multimedijsko gradivo i simulacijski program Cisco Packet Tracer omogu\u0107avaju svakom polazniku prilagodbu na\u010dina, vremena i mjesta za u\u010denje. Te\u010dajevi sadr\u017ee i veliki broj prakti\u010dnih vje\u017ebi koje se izvode pod vodstvom certificiranih Cisco predava\u010da. Zavr\u0161etkom svakog modula polaznici dobivaju akademske Cisco certifikate.<\/p>\n<h3><img decoding=\"async\" class=\"aligncenter\" src=\"http:\/\/www.ict-academy.eu\/images\/ciscoshema.jpg\" alt=\"cisco\" \/><\/h3>\n<h2><\/h2>\n<h2>CCNAv7<\/h2>\n<p><em><span class=\"bold ng-scope\">CCNA (ver. 7) <\/span><\/em><span class=\"bold ng-scope\">te\u010daj<\/span><span class=\"ng-scope\"> ulaznica je u podru\u010dje mre\u017enih tehnologija i IT karijeru. Te\u010daj se sastoji od 3 modula svaki u trajanju od 70 sati:<\/span><\/p>\n<ul>\n<li><span class=\"ng-scope\">CCNAv7: Introduction to Networks<\/span><\/li>\n<li>CCNAv7: Switching, Routing, and Wireless Essentials<\/li>\n<li>CCNAv7: Enterprise Networking, Security, and Automation<\/li>\n<\/ul>\n<p><a style=\"font-size: inherit;\" href=\"https:\/\/www.tsrb.hr\/cisco\/cisco-networking-academy-tecajevi\/ccna-routing-and-switching\/\">&gt;&gt;<\/a><\/p>\n<h2>CCNA Security<\/h2>\n<p><em><span class=\"bold ng-scope\">CCNA Security<\/span><\/em><span class=\"ng-scope\">\u00a0priprema vas za dizajn, implementaciju i pode\u0161avanje sigurnosnih postavki mre\u017enih ure\u0111aja. Program od 70 sati nastavak je na prva 2 modula\u00a0<\/span><em>CCNA Routing and Switching<\/em><span class=\"ng-scope\"> te\u010daja i priprema vas za Cisco Security certifikat. Na CCNA mre\u017ena znanja dodaje specijalizaciju iz podru\u010dja sigurnosti u ra\u010dunalnim mre\u017eama i pro\u0161iruje va\u0161e karijerne mogu\u0107nosti.\u00a0<\/span><\/p>\n<h2>CCNP Routing and Switching<\/h2>\n<p><em><span class=\"bold ng-scope\">CCNP Routing and Switching<\/span><\/em><span class=\"ng-scope\">\u00a0nastavak je CCNA programa i detaljno obra\u0111uje napredne teme iz usmjeravanja (routing) i preklapanja (switching) za primjenu u konvergiranoj<\/span><span class=\"ng-scope\">\u00a0glasovnoj, video i podatkovnoj komunikaciji u velikim mre\u017eama. <em>CCNP Routing and Switching<\/em> program sastoji se od 3 modula po 70 sati: ROUTE, SWITCH i \u00a0TSHOOT.\u00a0<a href=\"https:\/\/www.netacad.com\/courses\/ccnp\/\" target=\"_blank\" rel=\"noopener noreferrer\">&gt;&gt;<\/a><\/span><\/p>\n<\/div>\n","protected":false},"excerpt":{"rendered":"<p>Cisco Networking Academy te\u010dajevi omogu\u0107avaju polaznicima stjecanje znanja i vje\u0161tina koji su potrebni za projektiranje, izgradnju, pode\u0161avanje i odr\u017eavanje ra\u010dunalnih mre\u017ea. Polaznici stje\u010du izvrsno razumijevanje mre\u017enih tehnologija, bolju podlogu za nastavak \u0161kolovanja, a sa certifikatima i bolje karijerne mogu\u0107nosti. Te\u010dajevi su namijenjeni svima koje zanima ili \u017eele izgraditi karijeru u ICT podru\u010dju. Pristup pou\u010davanju temelji [&hellip;]<\/p>\n","protected":false},"author":2,"featured_media":0,"parent":131,"menu_order":0,"comment_status":"closed","ping_status":"closed","template":"","meta":{"_exactmetrics_skip_tracking":false,"_exactmetrics_sitenote_active":false,"_exactmetrics_sitenote_note":"","_exactmetrics_sitenote_category":0,"footnotes":""},"class_list":["post-347","page","type-page","status-publish","czr-hentry"],"_links":{"self":[{"href":"https:\/\/www.tsrb.hr\/cisco\/wp-json\/wp\/v2\/pages\/347","targetHints":{"allow":["GET"]}}],"collection":[{"href":"https:\/\/www.tsrb.hr\/cisco\/wp-json\/wp\/v2\/pages"}],"about":[{"href":"https:\/\/www.tsrb.hr\/cisco\/wp-json\/wp\/v2\/types\/page"}],"author":[{"embeddable":true,"href":"https:\/\/www.tsrb.hr\/cisco\/wp-json\/wp\/v2\/users\/2"}],"replies":[{"embeddable":true,"href":"https:\/\/www.tsrb.hr\/cisco\/wp-json\/wp\/v2\/comments?post=347"}],"version-history":[{"count":4,"href":"https:\/\/www.tsrb.hr\/cisco\/wp-json\/wp\/v2\/pages\/347\/revisions"}],"predecessor-version":[{"id":1093,"href":"https:\/\/www.tsrb.hr\/cisco\/wp-json\/wp\/v2\/pages\/347\/revisions\/1093"}],"up":[{"embeddable":true,"href":"https:\/\/www.tsrb.hr\/cisco\/wp-json\/wp\/v2\/pages\/131"}],"wp:attachment":[{"href":"https:\/\/www.tsrb.hr\/cisco\/wp-json\/wp\/v2\/media?parent=347"}],"curies":[{"name":"wp","href":"https:\/\/api.w.org\/{rel}","templated":true}]}}