{"id":131,"date":"2016-08-08T15:12:37","date_gmt":"2016-08-08T15:12:37","guid":{"rendered":"http:\/\/www.tsrb.hr\/cisco\/?page_id=131"},"modified":"2020-01-23T00:30:13","modified_gmt":"2020-01-22T23:30:13","slug":"cisco-networking-academy-tecajevi","status":"publish","type":"page","link":"https:\/\/www.tsrb.hr\/cisco\/cisco-networking-academy-tecajevi\/","title":{"rendered":"Cisco Networking Academy"},"content":{"rendered":"<header><\/header>\n<div class=\"content clearfix\">\n<p>Cisco Networking Academy te\u010dajevi\u00a0omogu\u0107avaju izvrsno razumijevanje podru\u010dja ra\u010dunalnih mre\u017ea i stjecanje prakti\u010dnih vje\u0161tina potrebnih za projektiranje, izgradnju, konfiguraciju i odr\u017eavanje ra\u010dunalnih mre\u017ea. Usavr\u0161avanja kroz Cisco akademiju sinonim su za aktualna i \u0161iroka\u00a0znanja. Me\u0111unarodno priznati programi, koji se izvode u cijelom svijetu, odlikuju se inovativnim pristupom pou\u010davanju, velikom koli\u010dinom prakti\u010dnog rada na profesionalnoj mre\u017enoj opremi i izvrsnom pripremom za stjecanje me\u0111unarodno priznatih i cijenjenih certifikata.<\/p>\n<\/div>\n<p>Hijerarhijski organizirani programi izvrstan su na\u010din za prekvalifikaciju, dokvalifikaciju ili usavr\u0161avanje. Prilago\u0111avaju se razli\u010ditim potrebama mre\u017enih stru\u010dnjaka, in\u017eenjera ali i po\u010detnika koji planiraju karijeru u ICT podru\u010dju.<\/p>\n<p><a href=\"https:\/\/www.tsrb.hr\/cisco\/cisco-networking-academy-tecajevi\/tecajevi\/\">V<\/a><a href=\"https:\/\/www.tsrb.hr\/cisco\/cisco-networking-academy-tecajevi\/tecajevi\/\">i\u0161e o Cisco te\u010dajevima&#8230;<\/a><\/p>\n<h3><\/h3>\n","protected":false},"excerpt":{"rendered":"<p>Cisco Networking Academy te\u010dajevi\u00a0omogu\u0107avaju izvrsno razumijevanje podru\u010dja ra\u010dunalnih mre\u017ea i stjecanje prakti\u010dnih vje\u0161tina potrebnih za projektiranje, izgradnju, konfiguraciju i odr\u017eavanje ra\u010dunalnih mre\u017ea. Usavr\u0161avanja kroz Cisco akademiju sinonim su za aktualna i \u0161iroka\u00a0znanja. Me\u0111unarodno priznati programi, koji se izvode u cijelom svijetu, odlikuju se inovativnim pristupom pou\u010davanju, velikom koli\u010dinom prakti\u010dnog rada na profesionalnoj mre\u017enoj opremi i [&hellip;]<\/p>\n","protected":false},"author":2,"featured_media":0,"parent":0,"menu_order":0,"comment_status":"closed","ping_status":"closed","template":"","meta":{"_exactmetrics_skip_tracking":false,"_exactmetrics_sitenote_active":false,"_exactmetrics_sitenote_note":"","_exactmetrics_sitenote_category":0,"footnotes":""},"class_list":["post-131","page","type-page","status-publish","czr-hentry"],"_links":{"self":[{"href":"https:\/\/www.tsrb.hr\/cisco\/wp-json\/wp\/v2\/pages\/131","targetHints":{"allow":["GET"]}}],"collection":[{"href":"https:\/\/www.tsrb.hr\/cisco\/wp-json\/wp\/v2\/pages"}],"about":[{"href":"https:\/\/www.tsrb.hr\/cisco\/wp-json\/wp\/v2\/types\/page"}],"author":[{"embeddable":true,"href":"https:\/\/www.tsrb.hr\/cisco\/wp-json\/wp\/v2\/users\/2"}],"replies":[{"embeddable":true,"href":"https:\/\/www.tsrb.hr\/cisco\/wp-json\/wp\/v2\/comments?post=131"}],"version-history":[{"count":3,"href":"https:\/\/www.tsrb.hr\/cisco\/wp-json\/wp\/v2\/pages\/131\/revisions"}],"predecessor-version":[{"id":1089,"href":"https:\/\/www.tsrb.hr\/cisco\/wp-json\/wp\/v2\/pages\/131\/revisions\/1089"}],"wp:attachment":[{"href":"https:\/\/www.tsrb.hr\/cisco\/wp-json\/wp\/v2\/media?parent=131"}],"curies":[{"name":"wp","href":"https:\/\/api.w.org\/{rel}","templated":true}]}}