{"id":128,"date":"2016-08-08T15:01:21","date_gmt":"2016-08-08T15:01:21","guid":{"rendered":"http:\/\/www.tsrb.hr\/cisco\/?page_id=128"},"modified":"2020-02-09T16:58:41","modified_gmt":"2020-02-09T15:58:41","slug":"ccna-routing-and-switching","status":"publish","type":"page","link":"https:\/\/www.tsrb.hr\/cisco\/cisco-networking-academy-tecajevi\/ccna-routing-and-switching\/","title":{"rendered":"CCNA (Cisco Certified Network Associate)"},"content":{"rendered":"<h4>Ciljevi programa<\/h4>\n<p><strong>CCNA (Cisco Certified Network Associate)<\/strong> edukacija cjelovito obra\u0111uje podru\u010dje mre\u017enih tehnologija. Polaznici stje\u010du znanja i vje\u0161tine za projektiranje, izgradnju, pro\u0161irivanje i odr\u017eavanje malih do srednje velikih ra\u010dunalnih mre\u017ea.<\/p>\n<p>CCNA edukacija namijenjena je tehni\u010darima, mre\u017enim administratorima, projektantima i in\u017eenjerima koji \u017eele ste\u0107i ili pro\u0161iriti znanja iz podru\u010dja ra\u010dunalnih mre\u017ea. Po te\u017eini, CCNA edukacija prikladna je i za po\u010detnike, studente i zaposlene koji su zapo\u010deli ili planiraju karijeru u ICT podru\u010dju.<\/p>\n<p>Dobivena znanja i vje\u0161tine izvrstan su temelj su za nastavak edukacije na <em>Cisco Certified Network Professional (CCNP)<\/em> razini.<\/p>\n<hr \/>\n<h4>Prednosti programa<\/h4>\n<p>Polaznicima su na raspolaganju interaktivni on-line multimedijalni nastavni materijali. Prakti\u010dne vje\u017ebe detaljno su razra\u0111ene od osnovnih do kompleksnih i izvode se na Cisco mre\u017enim ure\u0111ajima. Za dodatno vje\u017ebanje na raspolaganju je mre\u017eni simulator <a class=\"ng-scope\" href=\"https:\/\/www.netacad.com\/about-networking-academy\/packet-tracer\/\" target=\"\" rel=\"noopener noreferrer\">Cisco Packet Tracer<\/a>. Online materijali sadr\u017ee kvizove i testove, a njihovim rje\u0161avanjem trenutno se dobiva povratna informacija o usvojenosti teme.<\/p>\n<p>Za svaku zavr\u0161enu cjelinu polaznici dobivaju Cisco akademski certifikat.<\/p>\n<hr \/>\n<h4><strong>Trajanje<\/strong><\/h4>\n<ul>\n<li>210 \u0161kolskih sati (3 modula po 70 sati)<\/li>\n<\/ul>\n<hr \/>\n<h4><strong>Preduvjeti za poha\u0111anje<\/strong><\/h4>\n<ul>\n<li>poznavanje rada na ra\u010dunalu i kori\u0161tenje interneta, razumijevanje engleskog jezika<\/li>\n<\/ul>\n<hr \/>\n<h4><strong>Certifikacija<\/strong><\/h4>\n<div class=\"wpb_text_column wpb_content_element \">\n<div class=\"wpb_wrapper\">\n<p>Prolaskom kroz CCNA edukaciju polaznici mogu usvojena znanja potvrditi i polaganjem <em>Cisco CCNA certifikata<\/em>.<span class=\"ng-scope\"> Informacije o Cisco certifikatima mogu se vidjeti <a href=\"https:\/\/www.cisco.com\/c\/en\/us\/training-events\/training-certifications\/take-learning-to-next-level.html\">ovdje<\/a>.<\/span><\/p>\n<p>Uspje\u0161nim zavr\u0161etkom CCNA edukacije polaznici ostvaruju popust od 58% pri izlasku na certifikacijski ispit.<\/p>\n<\/div>\n<\/div>\n<hr \/>\n<h4><strong>Sadr\u017eaj<\/strong><\/h4>\n<p>Modul 1 &#8211; <strong>CCNAv7: \u00a0Introduction to Networks (ITN)<\/strong><\/p>\n<ul>\n<li>Protocols and Models<\/li>\n<li>ISO\/OSI Model<\/li>\n<li>IPv4\/IPv6 Addressing<\/li>\n<li>Building a Small Network<\/li>\n<\/ul>\n<p>Modul 2 &#8211; <strong>CCNAv7: Switching, Routing and Wireless Essentials (SRWE)<\/strong><\/p>\n<ul>\n<li>Switching Concepts: VLAN, inter-VLAN Routing, STP, EtherChannel<\/li>\n<li>DHCPv4<\/li>\n<li>IP Routing<\/li>\n<li>LAN Security<\/li>\n<li>WLAN<\/li>\n<\/ul>\n<p>Modul 3 &#8211; <strong>CCNAv7: Enterprise Networking, Security, and Automation (ENSA)<\/strong><\/p>\n<ul>\n<li>Single-Area OSPFv2<\/li>\n<li>Network Security Concepts<\/li>\n<li>ACL<\/li>\n<li>NAT<\/li>\n<li>VPN and IPsec<\/li>\n<li>QoS<\/li>\n<li>Network Virtualization<\/li>\n<li>Network Automation<\/li>\n<\/ul>\n<p>Vi\u0161e o <a href=\"https:\/\/www.netacad.com\/courses\/networking\">CCNAv7 programu<\/a>.<\/p>\n","protected":false},"excerpt":{"rendered":"<p>Ciljevi programa CCNA (Cisco Certified Network Associate) edukacija cjelovito obra\u0111uje podru\u010dje mre\u017enih tehnologija. Polaznici stje\u010du znanja i vje\u0161tine za projektiranje, izgradnju, pro\u0161irivanje i odr\u017eavanje malih do srednje velikih ra\u010dunalnih mre\u017ea. CCNA edukacija namijenjena je tehni\u010darima, mre\u017enim administratorima, projektantima i in\u017eenjerima koji \u017eele ste\u0107i ili pro\u0161iriti znanja iz podru\u010dja ra\u010dunalnih mre\u017ea. Po te\u017eini, CCNA edukacija prikladna [&hellip;]<\/p>\n","protected":false},"author":2,"featured_media":0,"parent":131,"menu_order":0,"comment_status":"closed","ping_status":"closed","template":"","meta":{"_exactmetrics_skip_tracking":false,"_exactmetrics_sitenote_active":false,"_exactmetrics_sitenote_note":"","_exactmetrics_sitenote_category":0,"footnotes":""},"class_list":["post-128","page","type-page","status-publish","czr-hentry"],"_links":{"self":[{"href":"https:\/\/www.tsrb.hr\/cisco\/wp-json\/wp\/v2\/pages\/128","targetHints":{"allow":["GET"]}}],"collection":[{"href":"https:\/\/www.tsrb.hr\/cisco\/wp-json\/wp\/v2\/pages"}],"about":[{"href":"https:\/\/www.tsrb.hr\/cisco\/wp-json\/wp\/v2\/types\/page"}],"author":[{"embeddable":true,"href":"https:\/\/www.tsrb.hr\/cisco\/wp-json\/wp\/v2\/users\/2"}],"replies":[{"embeddable":true,"href":"https:\/\/www.tsrb.hr\/cisco\/wp-json\/wp\/v2\/comments?post=128"}],"version-history":[{"count":29,"href":"https:\/\/www.tsrb.hr\/cisco\/wp-json\/wp\/v2\/pages\/128\/revisions"}],"predecessor-version":[{"id":1121,"href":"https:\/\/www.tsrb.hr\/cisco\/wp-json\/wp\/v2\/pages\/128\/revisions\/1121"}],"up":[{"embeddable":true,"href":"https:\/\/www.tsrb.hr\/cisco\/wp-json\/wp\/v2\/pages\/131"}],"wp:attachment":[{"href":"https:\/\/www.tsrb.hr\/cisco\/wp-json\/wp\/v2\/media?parent=128"}],"curies":[{"name":"wp","href":"https:\/\/api.w.org\/{rel}","templated":true}]}}