{"id":12,"date":"2016-07-16T15:23:27","date_gmt":"2016-07-16T15:23:27","guid":{"rendered":"http:\/\/www.tsrb.hr\/cisco\/?page_id=12"},"modified":"2023-11-05T14:02:45","modified_gmt":"2023-11-05T13:02:45","slug":"ccna-security","status":"publish","type":"page","link":"https:\/\/www.tsrb.hr\/cisco\/cisco-networking-academy-tecajevi\/ccna-security\/","title":{"rendered":"Network Security"},"content":{"rendered":"\n<table id=\"tablepress-2\" class=\"tablepress tablepress-id-2\">\n<thead>\n<tr class=\"row-1\">\n\t<th class=\"column-1\"><img loading=\"lazy\" decoding=\"async\" src=\"http:\/\/www.tsrb.hr\/cisco\/wp-content\/uploads\/2016\/09\/ccna-security-300x206.jpg\" alt=\"CCNA Security\" width=\"300\" height=\"206\" class=\"aligncenter size-medium wp-image-564\" srcset=\"https:\/\/www.tsrb.hr\/cisco\/wp-content\/uploads\/2016\/09\/ccna-security-300x206.jpg 300w, https:\/\/www.tsrb.hr\/cisco\/wp-content\/uploads\/2016\/09\/ccna-security-768x528.jpg 768w, https:\/\/www.tsrb.hr\/cisco\/wp-content\/uploads\/2016\/09\/ccna-security-1024x704.jpg 1024w, https:\/\/www.tsrb.hr\/cisco\/wp-content\/uploads\/2016\/09\/ccna-security.jpg 1110w\" sizes=\"auto, (max-width: 300px) 100vw, 300px\" \/><\/th><th class=\"column-2\">Trajanje 2-3 mjeseca (70 sati)<br \/>\nGrupe do 8 polaznika<br \/>\nOn-line nastavni materijali i <a href=\"https:\/\/www.netacad.com\/about-networking-academy\/packet-tracer\/\" target=\"_blank\">Cisco Packet Tracer<\/a> mre\u017eni simulator<br \/>\nPrakti\u010dni rad na Cisco opremi<br \/>\nIndividualizirane laboratorijske vje\u017ebe<br \/>\nPriprema za polaganje <a href=\"https:\/\/www.netacad.com\/careers\/certifications\/\" target=\"_blank\">CCNA Security<\/a> certifikacijskog ispita<\/th>\n<\/tr>\n<\/thead>\n<tbody class=\"row-striping row-hover\">\n<\/tbody>\n<\/table>\n<!-- #tablepress-2 from cache -->\n<p><strong>O programu<\/strong><\/p>\n<div>\n<p>Cisco <strong>Network Security<\/strong> program je &#8220;sljede\u0107i korak&#8221; u obrazovanju, osobama koji \u017eele unaprijediti svoju CCNA razinu znanja i pro\u0161iriti ga u podru\u010dje sigurnosti ra\u010dunalnih mre\u017ea. Program daje teorijska znanja o principima mre\u017ene sigurnosti i protokolima koji se koriste u tom podru\u010dju, ali i prakti\u010dne vje\u0161tine potrebne za instalaciju, nadzor i otklanjanje gre\u0161aka u mre\u017enim ure\u0111ajima.<\/p>\n<p>Nastava je podijeljena na teorijski dio, prakti\u010dne vje\u017ebe na Cisco opremi i ispite. Teorijski dio i ispiti dostupni su u obliku on-line materijala. Za dodatni rad kod ku\u0107e na raspolaganju je mre\u017eni simulator <a class=\"ng-scope\" href=\"https:\/\/www.netacad.com\/about-networking-academy\/packet-tracer\/\" target=\"\" rel=\"noopener noreferrer\">Cisco Packet Tracer<\/a>\u00a0sa pripadaju\u0107im vje\u017ebama.<\/p>\n<p>Program priprema polaznike za polaganje\u00a0certifikacijskog ispita<i>.<\/i><\/p>\n<hr \/>\n<h4><strong>Uvjeti<\/strong><\/h4>\n<ul>\n<li>Preporu\u010dena predznanje: zavr\u0161ena prva dva modula CCNA programa ili usporedivo znanje.<\/li>\n<\/ul>\n<hr \/>\n<h4><strong><strong>Trajanje<\/strong><\/strong><\/h4>\n<ul>\n<li><strong><strong>70 sati<\/strong><\/strong><\/li>\n<\/ul>\n<p>Termini predavanja prilago\u0111eni su zaposlenim osobama i studentima (nastava u ve\u010dernjim i vikend terminima), a cijeli program traje dva do tri mjeseca ovisno o odabranom tempu nastave. Za skupne prijave sa ve\u0107im brojem polaznika termini nastave i na\u010din izvedbe se mo\u017ee prilagoditi naru\u010ditelju.<\/p>\n<hr \/>\n<h4><strong>Sadr\u017eaj programa<\/strong><\/h4>\n<ul>\n<li>Securing Network<\/li>\n<li>Monitoring and Managing Devices<\/li>\n<li>ACLs and Firewalls<\/li>\n<li>Intrusion Prevention<\/li>\n<li>Layer 2 and Endpoint Security<\/li>\n<li>Cryptography<\/li>\n<li>VPN<\/li>\n<li>ASA<\/li>\n<\/ul>\n<\/div>\n<hr \/>\n<p><strong>Primjer on-line materijala iz CCNA Security programa:<\/strong><img decoding=\"async\" src=\"file:\/\/\/C:\/DOCUME~1\/ZPETRA~1.000\/LOCALS~1\/Temp\/moz-screenshot-2.png\" alt=\"\" \/><\/p>\n<p><img loading=\"lazy\" decoding=\"async\" title=\"on-line materijali\" src=\"https:\/\/www.tsrb.hr\/cisco\/images\/stories\/ccnasec1.jpg\" alt=\"on-line materijali\" width=\"700\" height=\"421\" \/><\/p>\n<hr \/>\n<p><strong>Primjer laboratorijske vje\u017ebe iz CCNA Security programa:<\/strong><\/p>\n<p><img loading=\"lazy\" decoding=\"async\" title=\"CCNASec_Lab_vjezbe\" src=\"https:\/\/www.tsrb.hr\/cisco\/images\/stories\/ccnasec3.jpg\" alt=\"CCNASec_Lab_vjezbe\" width=\"550\" height=\"625\" \/><\/p>\n","protected":false},"excerpt":{"rendered":"<p>O programu Cisco Network Security program je &#8220;sljede\u0107i korak&#8221; u obrazovanju, osobama koji \u017eele unaprijediti svoju CCNA razinu znanja i pro\u0161iriti ga u podru\u010dje sigurnosti ra\u010dunalnih mre\u017ea. Program daje teorijska znanja o principima mre\u017ene sigurnosti i protokolima koji se koriste u tom podru\u010dju, ali i prakti\u010dne vje\u0161tine potrebne za instalaciju, nadzor i otklanjanje gre\u0161aka u [&hellip;]<\/p>\n","protected":false},"author":2,"featured_media":0,"parent":131,"menu_order":0,"comment_status":"closed","ping_status":"closed","template":"","meta":{"_exactmetrics_skip_tracking":false,"_exactmetrics_sitenote_active":false,"_exactmetrics_sitenote_note":"","_exactmetrics_sitenote_category":0,"footnotes":""},"class_list":["post-12","page","type-page","status-publish","czr-hentry"],"_links":{"self":[{"href":"https:\/\/www.tsrb.hr\/cisco\/wp-json\/wp\/v2\/pages\/12","targetHints":{"allow":["GET"]}}],"collection":[{"href":"https:\/\/www.tsrb.hr\/cisco\/wp-json\/wp\/v2\/pages"}],"about":[{"href":"https:\/\/www.tsrb.hr\/cisco\/wp-json\/wp\/v2\/types\/page"}],"author":[{"embeddable":true,"href":"https:\/\/www.tsrb.hr\/cisco\/wp-json\/wp\/v2\/users\/2"}],"replies":[{"embeddable":true,"href":"https:\/\/www.tsrb.hr\/cisco\/wp-json\/wp\/v2\/comments?post=12"}],"version-history":[{"count":8,"href":"https:\/\/www.tsrb.hr\/cisco\/wp-json\/wp\/v2\/pages\/12\/revisions"}],"predecessor-version":[{"id":1248,"href":"https:\/\/www.tsrb.hr\/cisco\/wp-json\/wp\/v2\/pages\/12\/revisions\/1248"}],"up":[{"embeddable":true,"href":"https:\/\/www.tsrb.hr\/cisco\/wp-json\/wp\/v2\/pages\/131"}],"wp:attachment":[{"href":"https:\/\/www.tsrb.hr\/cisco\/wp-json\/wp\/v2\/media?parent=12"}],"curies":[{"name":"wp","href":"https:\/\/api.w.org\/{rel}","templated":true}]}}